{"id":3404,"date":"2025-03-06T07:41:19","date_gmt":"2025-03-06T07:41:19","guid":{"rendered":"https:\/\/boatupholsterybroward.com\/nuestra-historia\/"},"modified":"2025-05-20T01:04:45","modified_gmt":"2025-05-20T01:04:45","slug":"nuestra-historia","status":"publish","type":"page","link":"https:\/\/boatupholsterybroward.com\/es\/nuestra-historia\/","title":{"rendered":"Nuestra historia"},"content":{"rendered":"\t\t<div data-elementor-type=\"wp-post\" data-elementor-id=\"3404\" class=\"elementor elementor-3404 elementor-1611\">\n\t\t\t\t<div class=\"elementor-element elementor-element-fa58356 e-flex e-con-boxed wpr-particle-no wpr-jarallax-no wpr-parallax-no wpr-sticky-section-no wpr-equal-height-no e-con e-parent\" data-id=\"fa58356\" data-element_type=\"container\" data-e-type=\"container\" data-settings=\"{&quot;background_background&quot;:&quot;classic&quot;}\">\n\t\t\t\t\t<div class=\"e-con-inner\">\n\t\t<div class=\"elementor-element elementor-element-8e469c4 e-con-full e-flex wpr-particle-no wpr-jarallax-no wpr-parallax-no wpr-sticky-section-no wpr-equal-height-no e-con e-child\" data-id=\"8e469c4\" data-element_type=\"container\" data-e-type=\"container\">\n\t\t\t\t<div class=\"elementor-element elementor-element-b0863f8 elementor-widget elementor-widget-heading\" data-id=\"b0863f8\" data-element_type=\"widget\" data-e-type=\"widget\" data-widget_type=\"heading.default\">\n\t\t\t\t<div class=\"elementor-widget-container\">\n\t\t\t\t\t<h1 class=\"elementor-heading-title elementor-size-default\">Nuestra historia<\/h1>\t\t\t\t<\/div>\n\t\t\t\t<\/div>\n\t\t\t\t<\/div>\n\t\t<div class=\"elementor-element elementor-element-a8ef052 e-con-full e-flex wpr-particle-no wpr-jarallax-no wpr-parallax-no wpr-sticky-section-no wpr-equal-height-no e-con e-child\" data-id=\"a8ef052\" data-element_type=\"container\" data-e-type=\"container\">\n\t\t\t\t<div class=\"elementor-element elementor-element-1c7de49 elementor-align-end elementor-mobile-align-start elementor-icon-list--layout-traditional elementor-list-item-link-full_width elementor-widget elementor-widget-icon-list\" data-id=\"1c7de49\" data-element_type=\"widget\" data-e-type=\"widget\" data-widget_type=\"icon-list.default\">\n\t\t\t\t<div class=\"elementor-widget-container\">\n\t\t\t\t\t\t\t<ul class=\"elementor-icon-list-items\">\n\t\t\t\t\t\t\t<li class=\"elementor-icon-list-item\">\n\t\t\t\t\t\t\t\t\t\t\t<a href=\"tel:+13058776622\">\n\n\t\t\t\t\t\t\t\t\t\t\t\t<span class=\"elementor-icon-list-icon\">\n\t\t\t\t\t\t\t<svg aria-hidden=\"true\" class=\"e-font-icon-svg e-fas-phone\" viewBox=\"0 0 512 512\" xmlns=\"http:\/\/www.w3.org\/2000\/svg\"><path d=\"M493.4 24.6l-104-24c-11.3-2.6-22.9 3.3-27.5 13.9l-48 112c-4.2 9.8-1.4 21.3 6.9 28l60.6 49.6c-36 76.7-98.9 140.5-177.2 177.2l-49.6-60.6c-6.8-8.3-18.2-11.1-28-6.9l-112 48C3.9 366.5-2 378.1.6 389.4l24 104C27.1 504.2 36.7 512 48 512c256.1 0 464-207.5 464-464 0-11.2-7.7-20.9-18.6-23.4z\"><\/path><\/svg>\t\t\t\t\t\t<\/span>\n\t\t\t\t\t\t\t\t\t\t<span class=\"elementor-icon-list-text\">(305) 877-6622<\/span>\n\t\t\t\t\t\t\t\t\t\t\t<\/a>\n\t\t\t\t\t\t\t\t\t<\/li>\n\t\t\t\t\t\t<\/ul>\n\t\t\t\t\t\t<\/div>\n\t\t\t\t<\/div>\n\t\t\t\t<\/div>\n\t\t\t\t\t<\/div>\n\t\t\t\t<\/div>\n\t\t<div class=\"elementor-element elementor-element-0b1ad50 e-flex e-con-boxed wpr-particle-no wpr-jarallax-no wpr-parallax-no wpr-sticky-section-no wpr-equal-height-no e-con e-parent\" data-id=\"0b1ad50\" data-element_type=\"container\" data-e-type=\"container\" data-settings=\"{&quot;background_background&quot;:&quot;gradient&quot;}\">\n\t\t\t\t\t<div class=\"e-con-inner\">\n\t\t<div class=\"elementor-element elementor-element-7a94980 e-con-full e-flex wpr-particle-no wpr-jarallax-no wpr-parallax-no wpr-sticky-section-no wpr-equal-height-no e-con e-child\" data-id=\"7a94980\" data-element_type=\"container\" data-e-type=\"container\">\n\t\t<div class=\"elementor-element elementor-element-7c64241 e-flex e-con-boxed wpr-particle-no wpr-jarallax-no wpr-parallax-no wpr-sticky-section-no wpr-equal-height-no e-con e-child\" data-id=\"7c64241\" data-element_type=\"container\" data-e-type=\"container\">\n\t\t\t\t\t<div class=\"e-con-inner\">\n\t\t<div class=\"elementor-element elementor-element-5fb204b e-con-full e-flex wpr-particle-no wpr-jarallax-no wpr-parallax-no wpr-sticky-section-no wpr-equal-height-no e-con e-child\" data-id=\"5fb204b\" data-element_type=\"container\" data-e-type=\"container\">\n\t\t\t\t<div class=\"elementor-element elementor-element-776c0ea elementor-widget elementor-widget-heading\" data-id=\"776c0ea\" data-element_type=\"widget\" data-e-type=\"widget\" data-widget_type=\"heading.default\">\n\t\t\t\t<div class=\"elementor-widget-container\">\n\t\t\t\t\t<h2 class=\"elementor-heading-title elementor-size-default\">Tu barco.\n<br>Tu estilo.\n<br>Nuestro oficio.<\/h2>\t\t\t\t<\/div>\n\t\t\t\t<\/div>\n\t\t\t\t<div class=\"elementor-element elementor-element-c96901c elementor-widget-divider--view-line elementor-widget elementor-widget-divider\" data-id=\"c96901c\" data-element_type=\"widget\" data-e-type=\"widget\" data-widget_type=\"divider.default\">\n\t\t\t\t<div class=\"elementor-widget-container\">\n\t\t\t\t\t\t\t<div class=\"elementor-divider\">\n\t\t\t<span class=\"elementor-divider-separator\">\n\t\t\t\t\t\t<\/span>\n\t\t<\/div>\n\t\t\t\t\t\t<\/div>\n\t\t\t\t<\/div>\n\t\t\t\t<\/div>\n\t\t<div class=\"elementor-element elementor-element-f90f468 e-con-full e-flex wpr-particle-no wpr-jarallax-no wpr-parallax-no wpr-sticky-section-no wpr-equal-height-no e-con e-child\" data-id=\"f90f468\" data-element_type=\"container\" data-e-type=\"container\">\n\t\t\t\t<div class=\"elementor-element elementor-element-451beee elementor-widget elementor-widget-text-editor\" data-id=\"451beee\" data-element_type=\"widget\" data-e-type=\"widget\" data-widget_type=\"text-editor.default\">\n\t\t\t\t<div class=\"elementor-widget-container\">\n\t\t\t\t\t\t\t\t\t<p><span style=\"font-weight: 400;\">En <\/span><b>Tapicer\u00eda de barcos Broward<\/b><span style=\"font-weight: 400;\">Nuestra trayectoria es la de la artesan\u00eda, la resistencia y la pasi\u00f3n por la tapicer\u00eda n\u00e1utica. Fundada por dos artesanos con   <\/span><b>m\u00e1s de 45 a\u00f1os de experiencia<\/b><span style=\"font-weight: 400;\">  trabajando con cuero y vinilo, nuestra historia comenz\u00f3 lejos del sur de Florida: en las ciudades de Kyiv, Kharkiv y Feodosia, en Ucrania. Un artesano aprendi\u00f3 a manejar una m\u00e1quina de coser cuando estaba en el ej\u00e9rcito sovi\u00e9tico.   <\/span><\/p><p><img fetchpriority=\"high\" decoding=\"async\" class=\"alignnone wp-image-3082 size-full\" src=\"https:\/\/boatupholsterybroward.com\/wp-content\/uploads\/2025\/05\/PHOTO-2025-05-11-22-54-20.jpg\" alt=\"Viejo sastre\" width=\"905\" height=\"1000\" srcset=\"https:\/\/boatupholsterybroward.com\/wp-content\/uploads\/2025\/05\/PHOTO-2025-05-11-22-54-20.jpg 905w, https:\/\/boatupholsterybroward.com\/wp-content\/uploads\/2025\/05\/PHOTO-2025-05-11-22-54-20-272x300.jpg 272w, https:\/\/boatupholsterybroward.com\/wp-content\/uploads\/2025\/05\/PHOTO-2025-05-11-22-54-20-768x849.jpg 768w\" sizes=\"(max-width: 905px) 100vw, 905px\" \/><span style=\"font-weight: 400;\">Otro aprendi\u00f3 sus primeras lecciones de su abuelo.<\/span><\/p><p><img decoding=\"async\" class=\"alignnone wp-image-3083 size-large\" src=\"https:\/\/boatupholsterybroward.com\/wp-content\/uploads\/2025\/05\/PHOTO-2025-05-11-22-49-44-1024x702.jpg\" alt=\"\" width=\"1024\" height=\"702\" srcset=\"https:\/\/boatupholsterybroward.com\/wp-content\/uploads\/2025\/05\/PHOTO-2025-05-11-22-49-44-1024x702.jpg 1024w, https:\/\/boatupholsterybroward.com\/wp-content\/uploads\/2025\/05\/PHOTO-2025-05-11-22-49-44-300x206.jpg 300w, https:\/\/boatupholsterybroward.com\/wp-content\/uploads\/2025\/05\/PHOTO-2025-05-11-22-49-44-768x526.jpg 768w, https:\/\/boatupholsterybroward.com\/wp-content\/uploads\/2025\/05\/PHOTO-2025-05-11-22-49-44.jpg 1280w\" sizes=\"(max-width: 1024px) 100vw, 1024px\" \/><\/p><p><span style=\"font-weight: 400;\">Por aquel entonces, dirig\u00edamos peque\u00f1as empresas familiares que fabricaban bolsos de piel, prendas de vestir y fundas de asientos de coche a medida. Gracias a a\u00f1os de dedicaci\u00f3n, desarrollamos una profunda experiencia en el trabajo con materiales de primera calidad, creando productos duraderos, elegantes y muy funcionales para el uso diario. <\/span><\/p><p><span style=\"font-weight: 400;\">En 2019, cuando la pandemia de COVID-19 alter\u00f3 la vida en todo el mundo, tomamos la decisi\u00f3n de trasladarnos a Portugal. All\u00ed, nos centramos en el sector n\u00e1utico, ofreciendo servicios de tapicer\u00eda de barcos y yates a clientes costeros. Nuestro trabajo se gan\u00f3 r\u00e1pidamente elogios por su precisi\u00f3n, atenci\u00f3n al detalle y capacidad para transformar interiores marinos desgastados en acabados de lujo como nuevos.  <\/span><\/p>\t\t\t\t\t\t\t\t<\/div>\n\t\t\t\t<\/div>\n\t\t\t\t<\/div>\n\t\t\t\t\t<\/div>\n\t\t\t\t<\/div>\n\t\t<div class=\"elementor-element elementor-element-280bf32 e-con-full e-flex wpr-particle-no wpr-jarallax-no wpr-parallax-no wpr-sticky-section-no wpr-equal-height-no e-con e-child\" data-id=\"280bf32\" data-element_type=\"container\" data-e-type=\"container\" data-settings=\"{&quot;background_background&quot;:&quot;video&quot;,&quot;background_video_link&quot;:&quot;https:\\\/\\\/boatupholsterybroward.com\\\/wp-content\\\/uploads\\\/2025\\\/05\\\/boat-our-story.mp4&quot;}\">\n\t\t<div class=\"elementor-background-video-container elementor-hidden-mobile\">\n\t\t\t\t\t\t\t<video class=\"elementor-background-video-hosted\" role=\"presentation\" autoplay muted playsinline loop><\/video>\n\t\t\t\t\t<\/div><div class=\"elementor-element elementor-element-9b3cb1e e-con-full e-flex wpr-particle-no wpr-jarallax-no wpr-parallax-no wpr-sticky-section-no wpr-equal-height-no e-con e-child\" data-id=\"9b3cb1e\" data-element_type=\"container\" data-e-type=\"container\">\n\t\t\t\t<div class=\"elementor-element elementor-element-c8664cf elementor-widget elementor-widget-heading\" data-id=\"c8664cf\" data-element_type=\"widget\" data-e-type=\"widget\" data-widget_type=\"heading.default\">\n\t\t\t\t<div class=\"elementor-widget-container\">\n\t\t\t\t\t<h3 class=\"elementor-heading-title elementor-size-default\">En la actualidad, estamos orgullosos de servir a clientes de todo el sur de Florida, desde Miami hasta Fort Lauderdale y Pompano Beach.<\/h3>\t\t\t\t<\/div>\n\t\t\t\t<\/div>\n\t\t\t\t<\/div>\n\t\t\t\t<\/div>\n\t\t\t\t<\/div>\n\t\t\t\t\t<\/div>\n\t\t\t\t<\/div>\n\t\t<div class=\"elementor-element elementor-element-27a488e e-flex e-con-boxed wpr-particle-no wpr-jarallax-no wpr-parallax-no wpr-sticky-section-no wpr-equal-height-no e-con e-parent\" data-id=\"27a488e\" data-element_type=\"container\" data-e-type=\"container\" data-settings=\"{&quot;background_background&quot;:&quot;classic&quot;}\">\n\t\t\t\t\t<div class=\"e-con-inner\">\n\t\t<div class=\"elementor-element elementor-element-ea6af9d e-con-full e-flex wpr-particle-no wpr-jarallax-no wpr-parallax-no wpr-sticky-section-no wpr-equal-height-no e-con e-child\" data-id=\"ea6af9d\" data-element_type=\"container\" data-e-type=\"container\">\n\t\t\t\t<div class=\"elementor-element elementor-element-aa0246c elementor-widget elementor-widget-heading\" data-id=\"aa0246c\" data-element_type=\"widget\" data-e-type=\"widget\" data-widget_type=\"heading.default\">\n\t\t\t\t<div class=\"elementor-widget-container\">\n\t\t\t\t\t<h2 class=\"elementor-heading-title elementor-size-default\">Nuestra historia<\/h2>\t\t\t\t<\/div>\n\t\t\t\t<\/div>\n\t\t\t\t<div class=\"elementor-element elementor-element-20d368c elementor-widget-divider--view-line elementor-widget elementor-widget-divider\" data-id=\"20d368c\" data-element_type=\"widget\" data-e-type=\"widget\" data-widget_type=\"divider.default\">\n\t\t\t\t<div class=\"elementor-widget-container\">\n\t\t\t\t\t\t\t<div class=\"elementor-divider\">\n\t\t\t<span class=\"elementor-divider-separator\">\n\t\t\t\t\t\t<\/span>\n\t\t<\/div>\n\t\t\t\t\t\t<\/div>\n\t\t\t\t<\/div>\n\t\t\t\t<\/div>\n\t\t<div class=\"elementor-element elementor-element-0d857b0 e-con-full e-flex wpr-particle-no wpr-jarallax-no wpr-parallax-no wpr-sticky-section-no wpr-equal-height-no e-con e-child\" data-id=\"0d857b0\" data-element_type=\"container\" data-e-type=\"container\">\n\t\t\t\t<div class=\"elementor-element elementor-element-08a2944 elementor-widget elementor-widget-text-editor\" data-id=\"08a2944\" data-element_type=\"widget\" data-e-type=\"widget\" data-widget_type=\"text-editor.default\">\n\t\t\t\t<div class=\"elementor-widget-container\">\n\t\t\t\t\t\t\t\t\t<p><span style=\"font-weight: 400;\">Cuando estall\u00f3 la guerra en Ucrania en 2022, tomamos la dif\u00edcil decisi\u00f3n de trasladarnos una vez m\u00e1s, esta vez a Estados Unidos. Nos establecimos en el condado de Broward, Florida, y llevamos nuestras d\u00e9cadas de artesan\u00eda a la comunidad n\u00e1utica del sur de Florida. As\u00ed naci\u00f3 Boat Upholstery Broward.  <\/span><\/p><p><span style=\"font-weight: 400;\">Durante los \u00faltimos tres a\u00f1os, nos hemos especializado en retapizado de asientos marinos, sustituci\u00f3n de cojines, restauraci\u00f3n de sillas de capit\u00e1n y mejoras completas del interior de yates y barcos. Combinamos la artesan\u00eda europea con los est\u00e1ndares de servicio estadounidenses, utilizando s\u00f3lo vinilo marino de alta calidad, tejidos Sunbrella, espuma de c\u00e9lula cerrada y herrajes inoxidables dise\u00f1ados para soportar el calor, el sol y el agua salada de Florida. <\/span><\/p>\t\t\t\t\t\t\t\t<\/div>\n\t\t\t\t<\/div>\n\t\t\t\t<\/div>\n\t\t\t\t\t<\/div>\n\t\t\t\t<\/div>\n\t\t<div class=\"elementor-element elementor-element-e2b95bd e-flex e-con-boxed wpr-particle-no wpr-jarallax-no wpr-parallax-no wpr-sticky-section-no wpr-equal-height-no e-con e-parent\" data-id=\"e2b95bd\" data-element_type=\"container\" data-e-type=\"container\">\n\t\t\t\t\t<div class=\"e-con-inner\">\n\t\t<div class=\"elementor-element elementor-element-b3794f1 e-con-full e-flex wpr-particle-no wpr-jarallax-no wpr-parallax-no wpr-sticky-section-no wpr-equal-height-no e-con e-child\" data-id=\"b3794f1\" data-element_type=\"container\" data-e-type=\"container\">\n\t\t\t\t<div class=\"elementor-element elementor-element-b27706b elementor-widget elementor-widget-text-editor\" data-id=\"b27706b\" data-element_type=\"widget\" data-e-type=\"widget\" data-widget_type=\"text-editor.default\">\n\t\t\t\t<div class=\"elementor-widget-container\">\n\t\t\t\t\t\t\t\t\t<p><span style=\"font-weight: 400;\">Desde la retirada y el transporte de los asientos hasta la costura detallada y el moldeado al vapor de la espuma, nos encargamos de cada paso en nuestras propias instalaciones. No s\u00f3lo tapizamos: devolvemos la vida a tu barco con un aspecto fresco, limpio y profesional. <\/span><\/p><p><span style=\"font-weight: 400;\">Tanto si est\u00e1s restaurando un barco de pesca familiar como modernizando un yate de lujo, puedes contar con Boat Upholstery Broward para obtener calidad artesanal, rapidez de entrega y resultados duraderos.<\/span><\/p>\t\t\t\t\t\t\t\t<\/div>\n\t\t\t\t<\/div>\n\t\t\t\t<\/div>\n\t\t<div class=\"elementor-element elementor-element-1267bd8 e-con-full e-flex wpr-particle-no wpr-jarallax-no wpr-parallax-no wpr-sticky-section-no wpr-equal-height-no e-con e-child\" data-id=\"1267bd8\" data-element_type=\"container\" data-e-type=\"container\">\n\t\t\t\t<div class=\"elementor-element elementor-element-016b666 elementor-align-start elementor-icon-list--layout-traditional elementor-list-item-link-full_width elementor-widget elementor-widget-icon-list\" data-id=\"016b666\" data-element_type=\"widget\" data-e-type=\"widget\" data-widget_type=\"icon-list.default\">\n\t\t\t\t<div class=\"elementor-widget-container\">\n\t\t\t\t\t\t\t<ul class=\"elementor-icon-list-items\">\n\t\t\t\t\t\t\t<li class=\"elementor-icon-list-item\">\n\t\t\t\t\t\t\t\t\t\t\t<span class=\"elementor-icon-list-icon\">\n\t\t\t\t\t\t\t<svg aria-hidden=\"true\" class=\"e-font-icon-svg e-fas-minus\" viewBox=\"0 0 448 512\" xmlns=\"http:\/\/www.w3.org\/2000\/svg\"><path d=\"M416 208H32c-17.67 0-32 14.33-32 32v32c0 17.67 14.33 32 32 32h384c17.67 0 32-14.33 32-32v-32c0-17.67-14.33-32-32-32z\"><\/path><\/svg>\t\t\t\t\t\t<\/span>\n\t\t\t\t\t\t\t\t\t\t<span class=\"elementor-icon-list-text\">Cientos de clientes satisfechos<\/span>\n\t\t\t\t\t\t\t\t\t<\/li>\n\t\t\t\t\t\t\t\t<li class=\"elementor-icon-list-item\">\n\t\t\t\t\t\t\t\t\t\t\t<span class=\"elementor-icon-list-icon\">\n\t\t\t\t\t\t\t<svg aria-hidden=\"true\" class=\"e-font-icon-svg e-fas-minus\" viewBox=\"0 0 448 512\" xmlns=\"http:\/\/www.w3.org\/2000\/svg\"><path d=\"M416 208H32c-17.67 0-32 14.33-32 32v32c0 17.67 14.33 32 32 32h384c17.67 0 32-14.33 32-32v-32c0-17.67-14.33-32-32-32z\"><\/path><\/svg>\t\t\t\t\t\t<\/span>\n\t\t\t\t\t\t\t\t\t\t<span class=\"elementor-icon-list-text\">Decenas de proyectos de \u00e9xito en Fort Lauderdale, Hollywood Beach, Sunny Isles y m\u00e1s all\u00e1<\/span>\n\t\t\t\t\t\t\t\t\t<\/li>\n\t\t\t\t\t\t\t\t<li class=\"elementor-icon-list-item\">\n\t\t\t\t\t\t\t\t\t\t\t<span class=\"elementor-icon-list-icon\">\n\t\t\t\t\t\t\t<svg aria-hidden=\"true\" class=\"e-font-icon-svg e-fas-minus\" viewBox=\"0 0 448 512\" xmlns=\"http:\/\/www.w3.org\/2000\/svg\"><path d=\"M416 208H32c-17.67 0-32 14.33-32 32v32c0 17.67 14.33 32 32 32h384c17.67 0 32-14.33 32-32v-32c0-17.67-14.33-32-32-32z\"><\/path><\/svg>\t\t\t\t\t\t<\/span>\n\t\t\t\t\t\t\t\t\t\t<span class=\"elementor-icon-list-text\">Soluciones personalizadas adaptadas a las necesidades de cada propietario de embarcaci\u00f3n<\/span>\n\t\t\t\t\t\t\t\t\t<\/li>\n\t\t\t\t\t\t<\/ul>\n\t\t\t\t\t\t<\/div>\n\t\t\t\t<\/div>\n\t\t\t\t<\/div>\n\t\t\t\t\t<\/div>\n\t\t\t\t<\/div>\n\t\t\t\t<\/div>\n\t\t","protected":false},"excerpt":{"rendered":"<p>Nuestra historia (305) 877-6622 Tu barco. Tu estilo. Nuestro oficio. En Tapicer\u00eda de barcos BrowardNuestra trayectoria es la de la artesan\u00eda, la resistencia y la pasi\u00f3n por la tapicer\u00eda n\u00e1utica. Fundada por dos artesanos con m\u00e1s de 45 a\u00f1os de experiencia trabajando con cuero y vinilo, nuestra historia comenz\u00f3 lejos del sur de Florida: en las ciudades de Kyiv, Kharkiv y Feodosia, en Ucrania. Un artesano aprendi\u00f3 a manejar una m\u00e1quina de coser cuando estaba en el ej\u00e9rcito sovi\u00e9tico. Otro aprendi\u00f3 sus primeras lecciones de su abuelo. Por aquel entonces, dirig\u00edamos peque\u00f1as empresas familiares que fabricaban bolsos de piel, prendas de vestir y fundas de asientos de coche a medida. Gracias a a\u00f1os de dedicaci\u00f3n, desarrollamos una profunda experiencia en el trabajo con materiales de primera calidad, creando productos duraderos, elegantes y muy funcionales para el uso diario. En 2019, cuando la pandemia de COVID-19 alter\u00f3 la vida en todo el mundo, tomamos la decisi\u00f3n de trasladarnos a Portugal. All\u00ed, nos centramos en el sector n\u00e1utico, ofreciendo servicios de tapicer\u00eda de barcos y yates a clientes costeros. Nuestro trabajo se gan\u00f3 r\u00e1pidamente elogios por su precisi\u00f3n, atenci\u00f3n al detalle y capacidad para transformar interiores marinos desgastados en acabados de lujo como nuevos. En la actualidad, estamos orgullosos de servir a clientes de todo el sur de Florida, desde Miami hasta Fort Lauderdale y Pompano Beach. Nuestra historia Cuando estall\u00f3 la guerra en Ucrania en 2022, tomamos la dif\u00edcil decisi\u00f3n de trasladarnos una vez m\u00e1s, esta vez a Estados Unidos. Nos establecimos en el condado de Broward, Florida, y llevamos nuestras d\u00e9cadas de artesan\u00eda a la comunidad n\u00e1utica del sur de Florida. As\u00ed naci\u00f3 Boat Upholstery Broward. Durante los \u00faltimos tres a\u00f1os, nos hemos especializado en retapizado de asientos marinos, sustituci\u00f3n de cojines, restauraci\u00f3n de sillas de capit\u00e1n y mejoras completas del interior de yates y barcos. Combinamos la artesan\u00eda europea con los est\u00e1ndares de servicio estadounidenses, utilizando s\u00f3lo vinilo marino de alta calidad, tejidos Sunbrella, espuma de c\u00e9lula cerrada y herrajes inoxidables dise\u00f1ados para soportar el calor, el sol y el agua salada de Florida. Desde la retirada y el transporte de los asientos hasta la costura detallada y el moldeado al vapor de la espuma, nos encargamos de cada paso en nuestras propias instalaciones. No s\u00f3lo tapizamos: devolvemos la vida a tu barco con un aspecto fresco, limpio y profesional. Tanto si est\u00e1s restaurando un barco de pesca familiar como modernizando un yate de lujo, puedes contar con Boat Upholstery Broward para obtener calidad artesanal, rapidez de entrega y resultados duraderos. Cientos de clientes satisfechos Decenas de proyectos de \u00e9xito en Fort Lauderdale, Hollywood Beach, Sunny Isles y m\u00e1s all\u00e1 Soluciones personalizadas adaptadas a las necesidades de cada propietario de embarcaci\u00f3n<\/p>\n","protected":false},"author":1,"featured_media":0,"parent":0,"menu_order":0,"comment_status":"closed","ping_status":"closed","template":"","meta":{"_uag_custom_page_level_css":"","site-sidebar-layout":"no-sidebar","site-content-layout":"page-builder","ast-site-content-layout":"full-width-container","site-content-style":"unboxed","site-sidebar-style":"unboxed","ast-global-header-display":"","ast-banner-title-visibility":"","ast-main-header-display":"","ast-hfb-above-header-display":"","ast-hfb-below-header-display":"","ast-hfb-mobile-header-display":"","site-post-title":"disabled","ast-breadcrumbs-content":"","ast-featured-img":"disabled","footer-sml-layout":"","ast-disable-related-posts":"","theme-transparent-header-meta":"enabled","adv-header-id-meta":"","stick-header-meta":"","header-above-stick-meta":"","header-main-stick-meta":"","header-below-stick-meta":"","astra-migrate-meta-layouts":"default","ast-page-background-enabled":"default","ast-page-background-meta":{"desktop":{"background-color":"","background-image":"","background-repeat":"repeat","background-position":"center center","background-size":"auto","background-attachment":"scroll","background-type":"","background-media":"","overlay-type":"","overlay-color":"","overlay-opacity":"","overlay-gradient":""},"tablet":{"background-color":"","background-image":"","background-repeat":"repeat","background-position":"center center","background-size":"auto","background-attachment":"scroll","background-type":"","background-media":"","overlay-type":"","overlay-color":"","overlay-opacity":"","overlay-gradient":""},"mobile":{"background-color":"","background-image":"","background-repeat":"repeat","background-position":"center center","background-size":"auto","background-attachment":"scroll","background-type":"","background-media":"","overlay-type":"","overlay-color":"","overlay-opacity":"","overlay-gradient":""}},"ast-content-background-meta":{"desktop":{"background-color":"var(--ast-global-color-5)","background-image":"","background-repeat":"repeat","background-position":"center center","background-size":"auto","background-attachment":"scroll","background-type":"","background-media":"","overlay-type":"","overlay-color":"","overlay-opacity":"","overlay-gradient":""},"tablet":{"background-color":"var(--ast-global-color-5)","background-image":"","background-repeat":"repeat","background-position":"center center","background-size":"auto","background-attachment":"scroll","background-type":"","background-media":"","overlay-type":"","overlay-color":"","overlay-opacity":"","overlay-gradient":""},"mobile":{"background-color":"var(--ast-global-color-5)","background-image":"","background-repeat":"repeat","background-position":"center center","background-size":"auto","background-attachment":"scroll","background-type":"","background-media":"","overlay-type":"","overlay-color":"","overlay-opacity":"","overlay-gradient":""}},"footnotes":""},"class_list":["post-3404","page","type-page","status-publish","hentry"],"uagb_featured_image_src":{"full":false,"thumbnail":false,"medium":false,"medium_large":false,"large":false,"1536x1536":false,"2048x2048":false},"uagb_author_info":{"display_name":"Boat Upholstery Broward","author_link":"https:\/\/boatupholsterybroward.com\/es\/author\/alexuph\/"},"uagb_comment_info":0,"uagb_excerpt":"Nuestra historia (305) 877-6622 Tu barco. Tu estilo. Nuestro oficio. En Tapicer\u00eda de barcos BrowardNuestra trayectoria es la de la artesan\u00eda, la resistencia y la pasi\u00f3n por la tapicer\u00eda n\u00e1utica. Fundada por dos artesanos con m\u00e1s de 45 a\u00f1os de experiencia trabajando con cuero y vinilo, nuestra historia comenz\u00f3 lejos del sur de Florida: en&hellip;","_links":{"self":[{"href":"https:\/\/boatupholsterybroward.com\/es\/wp-json\/wp\/v2\/pages\/3404","targetHints":{"allow":["GET"]}}],"collection":[{"href":"https:\/\/boatupholsterybroward.com\/es\/wp-json\/wp\/v2\/pages"}],"about":[{"href":"https:\/\/boatupholsterybroward.com\/es\/wp-json\/wp\/v2\/types\/page"}],"author":[{"embeddable":true,"href":"https:\/\/boatupholsterybroward.com\/es\/wp-json\/wp\/v2\/users\/1"}],"replies":[{"embeddable":true,"href":"https:\/\/boatupholsterybroward.com\/es\/wp-json\/wp\/v2\/comments?post=3404"}],"version-history":[{"count":1,"href":"https:\/\/boatupholsterybroward.com\/es\/wp-json\/wp\/v2\/pages\/3404\/revisions"}],"predecessor-version":[{"id":3405,"href":"https:\/\/boatupholsterybroward.com\/es\/wp-json\/wp\/v2\/pages\/3404\/revisions\/3405"}],"wp:attachment":[{"href":"https:\/\/boatupholsterybroward.com\/es\/wp-json\/wp\/v2\/media?parent=3404"}],"curies":[{"name":"wp","href":"https:\/\/api.w.org\/{rel}","templated":true}]}}